{"id":2786,"date":"2014-08-29T09:47:01","date_gmt":"2014-08-29T09:47:01","guid":{"rendered":"http:\/\/www.miqagro.com\/inici-2\/"},"modified":"2015-10-06T10:46:04","modified_gmt":"2015-10-06T09:46:04","slug":"inici","status":"publish","type":"page","link":"https:\/\/www.miqagro.com\/es\/","title":{"rendered":"Inicio"},"content":{"rendered":"<section class=\"wpb-content-wrapper\"><p>[vc_row][vc_column width=\u00bb1\/1&#8243;][rev_slider_vc alias=\u00bbprincipal-es\u00bb][\/vc_column][\/vc_row][vc_row css=\u00bb.vc_custom_1420460911179{padding-top: 45px !important;padding-bottom: 45px !important;background-color: #0092ba !important;}\u00bb type=\u00bbww-default\u00bb parallax_speed=\u00bb0.5&#8243;][vc_column width=\u00bb1\/1&#8243;][vc_column_text el_class=\u00bblato-light\u00bb]<\/p>\n<h3 style=\"text-align: center; line-height: 32px;\"><span style=\"color: #ffffff;\"><span style=\"font-family: arial black,avant garde;\">A Miqagro<\/span>\u00a0nos comprometemos con el\u00a0<span style=\"font-family: arial black,avant garde;\">Medio Ambiente!<\/span><\/span>\u00a0 \u00a0<a class=\"wpb_button wpb_btn-large\" href=\"#\">Desc\u00fabrenos<\/a><\/h3>\n<p>[\/vc_column_text][\/vc_column][\/vc_row][vc_row css=\u00bb.vc_custom_1412332914006{border-bottom-width: 35px !important;padding-top: 35px !important;padding-bottom: 65px !important;background-image: url(http:\/\/vts.joomexp.com\/wp_organicfood\/wp-content\/uploads\/geometry.png?id=91) !important;}\u00bb type=\u00bbww-default\u00bb parallax_speed=\u00bb0.5&#8243;][vc_column width=\u00bb1\/1&#8243;]        <h3 class=\"headline text-left underline  \" style=\"color: #666666\">\n            Distribuciones        <\/h3>\n    [vc_row_inner][vc_column_inner width=\u00bb1\/3&#8243;][vc_single_image image=\u00bb2847&#8243; alignment=\u00bbcenter\u00bb border_color=\u00bbgrey\u00bb img_link_target=\u00bb_self\u00bb img_size=\u00bbmedium\u00bb link=\u00bbhttps:\/\/www.miqagro.com\/es\/distribuciones\/#tab-1424864481-1-100&#8243;][vc_empty_space height=\u00bb35px\u00bb][vc_single_image image=\u00bb2748&#8243; alignment=\u00bbcenter\u00bb border_color=\u00bbsky\u00bb img_link_target=\u00bb_self\u00bb img_size=\u00bbmedium\u00bb link=\u00bbhttps:\/\/www.miqagro.com\/es\/distribuciones\/#tab-1424864710830-3-6&#8243;][\/vc_column_inner][vc_column_inner width=\u00bb1\/3&#8243;][vc_single_image image=\u00bb2843&#8243; alignment=\u00bbcenter\u00bb border_color=\u00bbgrey\u00bb img_link_target=\u00bb_self\u00bb img_size=\u00bbmedium\u00bb link=\u00bbhttps:\/\/www.miqagro.com\/es\/distribuciones\/#tab-1424864481-2-99&#8243;][vc_empty_space height=\u00bb35px\u00bb][vc_single_image image=\u00bb2844&#8243; alignment=\u00bbcenter\u00bb border_color=\u00bbgrey\u00bb img_link_target=\u00bb_self\u00bb img_size=\u00bbmedium\u00bb link=\u00bbhttps:\/\/www.miqagro.com\/es\/distribuciones\/#tab-1424864723862-4-7&#8243;][\/vc_column_inner][vc_column_inner width=\u00bb1\/3&#8243;][vc_single_image image=\u00bb2845&#8243; alignment=\u00bbcenter\u00bb border_color=\u00bbgrey\u00bb img_link_target=\u00bb_self\u00bb img_size=\u00bbmedium\u00bb link=\u00bbhttps:\/\/www.miqagro.com\/es\/distribuciones\/#tab-1424864691585-2-2&#8243;][vc_empty_space height=\u00bb35px\u00bb][vc_single_image border_color=\u00bbgrey\u00bb img_link_target=\u00bb_self\u00bb image=\u00bb2846&#8243; img_size=\u00bbmedium\u00bb alignment=\u00bbcenter\u00bb link=\u00bbhttps:\/\/www.miqagro.com\/es\/distribuciones\/#tab-1424864745286-5-8&#8243;][\/vc_column_inner][\/vc_row_inner][\/vc_column][\/vc_row][vc_row css=\u00bb.vc_custom_1411619890543{padding-top: 35px !important;padding-bottom: 35px !important;}\u00bb type=\u00bbww-default\u00bb parallax_speed=\u00bb0.5&#8243;][vc_column width=\u00bb1\/2&#8243;]        <h3 class=\"headline text-left underline  \" style=\"color: #666666\">\n            \u00daltimas Noticias        <\/h3>\n        <div class=\"blog post \">\n        <div class=\"row\">\n                            <div class=\"de-blog col-sx-12 col-sm-12 col-md-12 col-lg-12\">\n                    <article id=\"post_2921\" class=\"post-2921 post type-post status-publish format-standard hentry category-miqagro-es\">\n            <h2 class=\"blog-title\"><a href=\"https:\/\/www.miqagro.com\/es\/miqagro-es\/seipasa-lleva-lo-ultimo-en-tecnologia-natural-a-fruit-attraction\/\">Feria Agr\u00edcola, Ramadera e Industrial de M\u00f3ra La Nova. 2015<\/a><\/h2>\n                        <div class=\"blog-description\">\n            Del pr\u00f3ximo\u00a022 al 25 de Octubre de 2015 nos encotrar\u00e9is en la Feria Multisectorial de M\u00f3ra La Nova. Una        <\/div>\n                <a class=\"readmore\" href=\"https:\/\/www.miqagro.com\/es\/miqagro-es\/seipasa-lleva-lo-ultimo-en-tecnologia-natural-a-fruit-attraction\/\">Read more<\/a>\n    <\/article>\n                <\/div>\n                            <div class=\"de-blog col-sx-12 col-sm-12 col-md-12 col-lg-12\">\n                    <article id=\"post_2927\" class=\"post-2927 post type-post status-publish format-standard hentry category-miqagro-es\">\n            <h2 class=\"blog-title\"><a href=\"https:\/\/www.miqagro.com\/es\/miqagro-es\/borneo-nos-lleva-a-borneo\/\">ITEAF \u2013 Inspecci\u00f3n T\u00e9cnica de los Equipos de Aplicaci\u00f3n de Fitosanitarios<\/a><\/h2>\n                        <div class=\"blog-description\">\n            La directiva 2009\/128\/CE, de 21 de\u00a0Octubre, del Parlamento Europeo y del Consejo, que establece un uso sostenible de los        <\/div>\n                <a class=\"readmore\" href=\"https:\/\/www.miqagro.com\/es\/miqagro-es\/borneo-nos-lleva-a-borneo\/\">Read more<\/a>\n    <\/article>\n                <\/div>\n                    <\/div>\n            <\/div>\n        \n    [\/vc_column][vc_column width=\u00bb1\/2&#8243;]        <h3 class=\"headline text-left underline  \" style=\"color: #666666\">\n            Servicios        <\/h3>\n    [vc_accordion][vc_accordion_tab title=\u00bbProductos\u00bb][vc_column_text]<\/p>\n<ul class=\"tick\">\n<li>Fitosanitarios<\/li>\n<li>Abonos<\/li>\n<li>Material de emparrado<\/li>\n<li>Plantas de Vid<\/li>\n<li>Plantas de Olivo<\/li>\n<li>Productos Ecol\u00f3gicos<\/li>\n<li>Productos Enol\u00f3gicos<\/li>\n<\/ul>\n<p>[\/vc_column_text][\/vc_accordion_tab][vc_accordion_tab title=\u00bbAsesoramiento T\u00e9cnico especializado\u00bb][vc_column_text]<\/p>\n<p style=\"text-align: justify;\">Os ofrecemos un equipo humano con los conocimientos t\u00e9cnicos y experiencia necesarios apoyados por las principales firmas que representamos con el fin de asesoraros en aquello que precis\u00e9is para vuestros cultivos.<\/p>\n<p>[\/vc_column_text][\/vc_accordion_tab][vc_accordion_tab title=\u00bbHuerto y Jard\u00edn\u00bb][vc_column_text]<\/p>\n<p style=\"text-align: justify;\">Con la reciente implantaci\u00f3n de la Directiva 2009\/128\/CE de manipulaci\u00f3n de productos fitosanitarios que restringe la venta de estos productos, te\u00a0aportamos soluciones en peque\u00f1o formato en este campo.<\/p>\n<p>[\/vc_column_text][\/vc_accordion_tab][\/vc_accordion][vc_empty_space height=\u00bb1px\u00bb][vc_empty_space height=\u00bb32px\u00bb][vc_single_image image=\u00bb2667&#8243; alignment=\u00bbcenter\u00bb border_color=\u00bbgrey\u00bb img_link_target=\u00bb_blank\u00bb img_size=\u00bbmedium\u00bb link=\u00bbhttp:\/\/www.sigfito.es\u00bb][vc_empty_space height=\u00bb32px\u00bb][vc_single_image image=\u00bb2465&#8243; alignment=\u00bbcenter\u00bb border_color=\u00bbgrey\u00bb img_link_target=\u00bb_self\u00bb img_size=\u00bbthumbnail\u00bb][\/vc_column][\/vc_row]<\/p>\n<\/section>","protected":false},"excerpt":{"rendered":"<p>[vc_row][vc_column width=\u00bb1\/1&#8243;][rev_slider_vc alias=\u00bbprincipal-es\u00bb][\/vc_column][\/vc_row][vc_row css=\u00bb.vc_custom_1420460911179{padding-top: 45px !important;padding-bottom: 45px !important;background-color: #0092ba !important;}\u00bb type=\u00bbww-default\u00bb parallax_speed=\u00bb0.5&#8243;][vc_column width=\u00bb1\/1&#8243;][vc_column_text el_class=\u00bblato-light\u00bb] A Miqagro\u00a0nos comprometemos con el\u00a0Medio Ambiente!\u00a0 \u00a0Desc\u00fabrenos [\/vc_column_text][\/vc_column][\/vc_row][vc_row css=\u00bb.vc_custom_1412332914006{border-bottom-width: 35px !important;padding-top: 35px !important;padding-bottom: 65px !important;background-image: url(http:\/\/vts.joomexp.com\/wp_organicfood\/wp-content\/uploads\/geometry.png?id=91) !important;}\u00bb type=\u00bbww-default\u00bb parallax_speed=\u00bb0.5&#8243;][vc_column width=\u00bb1\/1&#8243;][vc_row_inner][vc_column_inner width=\u00bb1\/3&#8243;][vc_single_image image=\u00bb2847&#8243; alignment=\u00bbcenter\u00bb border_color=\u00bbgrey\u00bb img_link_target=\u00bb_self\u00bb img_size=\u00bbmedium\u00bb link=\u00bbhttps:\/\/www.miqagro.com\/es\/distribuciones\/#tab-1424864481-1-100&#8243;][vc_empty_space height=\u00bb35px\u00bb][vc_single_image image=\u00bb2748&#8243; alignment=\u00bbcenter\u00bb border_color=\u00bbsky\u00bb img_link_target=\u00bb_self\u00bb img_size=\u00bbmedium\u00bb link=\u00bbhttps:\/\/www.miqagro.com\/es\/distribuciones\/#tab-1424864710830-3-6&#8243;][\/vc_column_inner][vc_column_inner width=\u00bb1\/3&#8243;][vc_single_image image=\u00bb2843&#8243; alignment=\u00bbcenter\u00bb border_color=\u00bbgrey\u00bb img_link_target=\u00bb_self\u00bb img_size=\u00bbmedium\u00bb link=\u00bbhttps:\/\/www.miqagro.com\/es\/distribuciones\/#tab-1424864481-2-99&#8243;][vc_empty_space [&hellip;]<\/p>\n","protected":false},"author":3,"featured_media":0,"parent":0,"menu_order":0,"comment_status":"closed","ping_status":"closed","template":"page-titlebar.php","meta":[],"_links":{"self":[{"href":"https:\/\/www.miqagro.com\/es\/wp-json\/wp\/v2\/pages\/2786"}],"collection":[{"href":"https:\/\/www.miqagro.com\/es\/wp-json\/wp\/v2\/pages"}],"about":[{"href":"https:\/\/www.miqagro.com\/es\/wp-json\/wp\/v2\/types\/page"}],"author":[{"embeddable":true,"href":"https:\/\/www.miqagro.com\/es\/wp-json\/wp\/v2\/users\/3"}],"replies":[{"embeddable":true,"href":"https:\/\/www.miqagro.com\/es\/wp-json\/wp\/v2\/comments?post=2786"}],"version-history":[{"count":23,"href":"https:\/\/www.miqagro.com\/es\/wp-json\/wp\/v2\/pages\/2786\/revisions"}],"predecessor-version":[{"id":2960,"href":"https:\/\/www.miqagro.com\/es\/wp-json\/wp\/v2\/pages\/2786\/revisions\/2960"}],"wp:attachment":[{"href":"https:\/\/www.miqagro.com\/es\/wp-json\/wp\/v2\/media?parent=2786"}],"curies":[{"name":"wp","href":"https:\/\/api.w.org\/{rel}","templated":true}]}}